{"id":10051,"date":"2021-09-16T14:52:00","date_gmt":"2021-09-16T12:52:00","guid":{"rendered":"https:\/\/www.lse.sk\/sk\/?page_id=10051"},"modified":"2021-09-27T10:55:32","modified_gmt":"2021-09-27T08:55:32","slug":"zzs-krompachy-rlp","status":"publish","type":"page","link":"https:\/\/www.lse.sk\/sk\/zzs-krompachy-rlp\/","title":{"rendered":"ZZS Krompachy RLP"},"content":{"rendered":"<p>[vc_row][vc_column width=&#8220;1\/2&#8243;][vc_custom_heading text=&#8220;Stanica LSE066 Krompachy RLP&#8220; font_container=&#8220;tag:h4|font_size:24px|text_align:left|color:%2307a7e3|line_height:40px&#8220; use_theme_fonts=&#8220;yes&#8220; css_animation=&#8220;none&#8220; css=&#8220;.vc_custom_1632732902048{margin-top: 36px !important;margin-bottom: 0px !important;padding-top: 0px !important;padding-bottom: 0px !important;}&#8220;][vc_empty_space][vc_message style=&#8220;square&#8220; icon_fontawesome=&#8220;fas fa-home&#8220; css_animation=&#8220;fadeInLeft&#8220;]<strong>Adresa<\/strong><\/p>\n<p>Ban\u00edcka \u0161tvr\u0165 1, Krompachy[\/vc_message][\/vc_column][vc_column width=&#8220;1\/2&#8243;][\/vc_column][\/vc_row][vc_row el_class=&#8220;box-shadow&#8220;][vc_column][vc_empty_space][vc_column_text]<div style=\"width:100%; height:300px; position:relative;\" class=\"cspm_linear_gradient_bg\"><div class=\"cspm_zoom_container\"><div class=\"cspm_zoom_in_10051 cspm_map_btn cspm_zoom_in_control cspm_bg_rgb_hover cspm_border_shadow cspm_border_top_radius\" title=\"Zoom in\"><img class=\"cspm_svg cspm_svg_white\" src=\"https:\/\/www.lse.sk\/sk\/wp-content\/plugins\/codespacing-progress-map\/img\/svg\/addition-sign.svg\" \/><\/div><div class=\"cspm_zoom_out_10051 cspm_map_btn cspm_zoom_out_control cspm_bg_rgb_hover cspm_border_shadow cspm_border_bottom_radius\" title=\"Zoom out\"><img class=\"cspm_svg cspm_svg_white\" src=\"https:\/\/www.lse.sk\/sk\/wp-content\/plugins\/codespacing-progress-map\/img\/svg\/minus-sign.svg\" \/><\/div><\/div><div id=\"codespacing_progress_map_light_10051\" style=\"width:100%; height:100%;\"><\/div><\/div>[\/vc_column_text][vc_empty_space height=&#8220;15px&#8220;]\r<!-- radiantthemes-custom-button -->\r<div class=\"radiantthemes-custom-button hover-style-four rt251912442  letter-spacing-1 font-weight-large\"  data-button-direction=\"left\" data-button-fullwidth=\"false\"  data-button-icon-position=\"left\"><a style=\" color: #305893; line-height: 23px; font-size: 16px;\" class=\"radiantthemes-custom-button-main  vc_custom_1632383460209\" href=\"https:\/\/www.lse.sk\/sk\/stanice-zdravotnej-zachrannej-sluzby-vsetky-pracoviska-lse\/\"  title=\"\" target=\"_self\"><div class=\"placeholder\"><i class=\"\"><\/i>V\u0160ETKY V\u00ddJAZDOV\u00c9 STANICE<\/div><\/a><\/div>\r<!-- radiantthemes-custom-button -->\r[vc_empty_space][\/vc_column][\/vc_row][vc_row][vc_column][vc_empty_space][\/vc_column][\/vc_row]<\/p>\n","protected":false},"excerpt":{"rendered":"<p>Stanica LSE066 Krompachy RLP &#8211; Ban\u00edcka \u0161tvr\u0165 1, Krompachy<\/p>\n","protected":false},"author":2,"featured_media":0,"parent":0,"menu_order":0,"comment_status":"closed","ping_status":"closed","template":"","meta":[],"yoast_head":"<!-- This site is optimized with the Yoast SEO plugin v20.10 - https:\/\/yoast.com\/wordpress\/plugins\/seo\/ -->\n<title>ZZS Krompachy RLP - Life Star Emergency - Z\u00e1chrann\u00e1 zdravotn\u00e1 slu\u017eba<\/title>\n<meta name=\"description\" content=\"Z\u00e1chrann\u00e1 zdravotn\u00e1 slu\u017eba Krompachy RLP - Adresa: Ban\u00edcka \u0161tvr\u0165 1, Krompachy\" \/>\n<meta name=\"robots\" content=\"index, follow, max-snippet:-1, max-image-preview:large, max-video-preview:-1\" \/>\n<link rel=\"canonical\" href=\"https:\/\/www.lse.sk\/sk\/zzs-krompachy-rlp\/\" \/>\n<meta property=\"og:locale\" content=\"sk_SK\" \/>\n<meta property=\"og:type\" content=\"article\" \/>\n<meta property=\"og:title\" content=\"ZZS Krompachy RLP - Life Star Emergency - Z\u00e1chrann\u00e1 zdravotn\u00e1 slu\u017eba\" \/>\n<meta property=\"og:description\" content=\"Z\u00e1chrann\u00e1 zdravotn\u00e1 slu\u017eba Krompachy RLP - Adresa: Ban\u00edcka \u0161tvr\u0165 1, Krompachy\" \/>\n<meta property=\"og:url\" content=\"https:\/\/www.lse.sk\/sk\/zzs-krompachy-rlp\/\" \/>\n<meta property=\"og:site_name\" content=\"Life Star Emergency\" \/>\n<meta property=\"article:modified_time\" content=\"2021-09-27T08:55:32+00:00\" \/>\n<meta name=\"twitter:card\" content=\"summary_large_image\" \/>\n<meta name=\"twitter:label1\" content=\"Predpokladan\u00fd \u010das \u010d\u00edtania\" \/>\n\t<meta name=\"twitter:data1\" content=\"1 min\u00fata\" \/>\n<script type=\"application\/ld+json\" class=\"yoast-schema-graph\">{\"@context\":\"https:\/\/schema.org\",\"@graph\":[{\"@type\":\"WebPage\",\"@id\":\"https:\/\/www.lse.sk\/sk\/zzs-krompachy-rlp\/\",\"url\":\"https:\/\/www.lse.sk\/sk\/zzs-krompachy-rlp\/\",\"name\":\"ZZS Krompachy RLP - Life Star Emergency - Z\u00e1chrann\u00e1 zdravotn\u00e1 slu\u017eba\",\"isPartOf\":{\"@id\":\"https:\/\/www.lse.sk\/sk\/#website\"},\"datePublished\":\"2021-09-16T12:52:00+00:00\",\"dateModified\":\"2021-09-27T08:55:32+00:00\",\"description\":\"Z\u00e1chrann\u00e1 zdravotn\u00e1 slu\u017eba Krompachy RLP - Adresa: Ban\u00edcka \u0161tvr\u0165 1, Krompachy\",\"breadcrumb\":{\"@id\":\"https:\/\/www.lse.sk\/sk\/zzs-krompachy-rlp\/#breadcrumb\"},\"inLanguage\":\"sk-SK\",\"potentialAction\":[{\"@type\":\"ReadAction\",\"target\":[\"https:\/\/www.lse.sk\/sk\/zzs-krompachy-rlp\/\"]}]},{\"@type\":\"BreadcrumbList\",\"@id\":\"https:\/\/www.lse.sk\/sk\/zzs-krompachy-rlp\/#breadcrumb\",\"itemListElement\":[{\"@type\":\"ListItem\",\"position\":1,\"name\":\"Home\",\"item\":\"https:\/\/www.lse.sk\/sk\/\"},{\"@type\":\"ListItem\",\"position\":2,\"name\":\"ZZS Krompachy RLP\"}]},{\"@type\":\"WebSite\",\"@id\":\"https:\/\/www.lse.sk\/sk\/#website\",\"url\":\"https:\/\/www.lse.sk\/sk\/\",\"name\":\"Life Star Emergency\",\"description\":\"Ne\u0161t\u00e1tne zdravotn\u00edcke zariadenie\",\"potentialAction\":[{\"@type\":\"SearchAction\",\"target\":{\"@type\":\"EntryPoint\",\"urlTemplate\":\"https:\/\/www.lse.sk\/sk\/?s={search_term_string}\"},\"query-input\":\"required name=search_term_string\"}],\"inLanguage\":\"sk-SK\"}]}<\/script>\n<!-- \/ Yoast SEO plugin. -->","yoast_head_json":{"title":"ZZS Krompachy RLP - Life Star Emergency - Z\u00e1chrann\u00e1 zdravotn\u00e1 slu\u017eba","description":"Z\u00e1chrann\u00e1 zdravotn\u00e1 slu\u017eba Krompachy RLP - Adresa: Ban\u00edcka \u0161tvr\u0165 1, Krompachy","robots":{"index":"index","follow":"follow","max-snippet":"max-snippet:-1","max-image-preview":"max-image-preview:large","max-video-preview":"max-video-preview:-1"},"canonical":"https:\/\/www.lse.sk\/sk\/zzs-krompachy-rlp\/","og_locale":"sk_SK","og_type":"article","og_title":"ZZS Krompachy RLP - Life Star Emergency - Z\u00e1chrann\u00e1 zdravotn\u00e1 slu\u017eba","og_description":"Z\u00e1chrann\u00e1 zdravotn\u00e1 slu\u017eba Krompachy RLP - Adresa: Ban\u00edcka \u0161tvr\u0165 1, Krompachy","og_url":"https:\/\/www.lse.sk\/sk\/zzs-krompachy-rlp\/","og_site_name":"Life Star Emergency","article_modified_time":"2021-09-27T08:55:32+00:00","twitter_card":"summary_large_image","twitter_misc":{"Predpokladan\u00fd \u010das \u010d\u00edtania":"1 min\u00fata"},"schema":{"@context":"https:\/\/schema.org","@graph":[{"@type":"WebPage","@id":"https:\/\/www.lse.sk\/sk\/zzs-krompachy-rlp\/","url":"https:\/\/www.lse.sk\/sk\/zzs-krompachy-rlp\/","name":"ZZS Krompachy RLP - Life Star Emergency - Z\u00e1chrann\u00e1 zdravotn\u00e1 slu\u017eba","isPartOf":{"@id":"https:\/\/www.lse.sk\/sk\/#website"},"datePublished":"2021-09-16T12:52:00+00:00","dateModified":"2021-09-27T08:55:32+00:00","description":"Z\u00e1chrann\u00e1 zdravotn\u00e1 slu\u017eba Krompachy RLP - Adresa: Ban\u00edcka \u0161tvr\u0165 1, Krompachy","breadcrumb":{"@id":"https:\/\/www.lse.sk\/sk\/zzs-krompachy-rlp\/#breadcrumb"},"inLanguage":"sk-SK","potentialAction":[{"@type":"ReadAction","target":["https:\/\/www.lse.sk\/sk\/zzs-krompachy-rlp\/"]}]},{"@type":"BreadcrumbList","@id":"https:\/\/www.lse.sk\/sk\/zzs-krompachy-rlp\/#breadcrumb","itemListElement":[{"@type":"ListItem","position":1,"name":"Home","item":"https:\/\/www.lse.sk\/sk\/"},{"@type":"ListItem","position":2,"name":"ZZS Krompachy RLP"}]},{"@type":"WebSite","@id":"https:\/\/www.lse.sk\/sk\/#website","url":"https:\/\/www.lse.sk\/sk\/","name":"Life Star Emergency","description":"Ne\u0161t\u00e1tne zdravotn\u00edcke zariadenie","potentialAction":[{"@type":"SearchAction","target":{"@type":"EntryPoint","urlTemplate":"https:\/\/www.lse.sk\/sk\/?s={search_term_string}"},"query-input":"required name=search_term_string"}],"inLanguage":"sk-SK"}]}},"_links":{"self":[{"href":"https:\/\/www.lse.sk\/sk\/wp-json\/wp\/v2\/pages\/10051"}],"collection":[{"href":"https:\/\/www.lse.sk\/sk\/wp-json\/wp\/v2\/pages"}],"about":[{"href":"https:\/\/www.lse.sk\/sk\/wp-json\/wp\/v2\/types\/page"}],"author":[{"embeddable":true,"href":"https:\/\/www.lse.sk\/sk\/wp-json\/wp\/v2\/users\/2"}],"replies":[{"embeddable":true,"href":"https:\/\/www.lse.sk\/sk\/wp-json\/wp\/v2\/comments?post=10051"}],"version-history":[{"count":2,"href":"https:\/\/www.lse.sk\/sk\/wp-json\/wp\/v2\/pages\/10051\/revisions"}],"predecessor-version":[{"id":10282,"href":"https:\/\/www.lse.sk\/sk\/wp-json\/wp\/v2\/pages\/10051\/revisions\/10282"}],"wp:attachment":[{"href":"https:\/\/www.lse.sk\/sk\/wp-json\/wp\/v2\/media?parent=10051"}],"curies":[{"name":"wp","href":"https:\/\/api.w.org\/{rel}","templated":true}]}}