{"id":10420,"date":"2022-12-07T08:19:28","date_gmt":"2022-12-07T07:19:28","guid":{"rendered":"https:\/\/www.lse.sk\/sk\/?page_id=10420"},"modified":"2022-12-15T10:28:32","modified_gmt":"2022-12-15T09:28:32","slug":"verejny-prislub","status":"publish","type":"page","link":"https:\/\/www.lse.sk\/sk\/verejny-prislub\/","title":{"rendered":"Verejn\u00fd pr\u00eds\u013eub"},"content":{"rendered":"<p>[vc_row][vc_column][vc_row_inner css=&#8220;.vc_custom_1531739068614{margin-top: 28px !important;margin-bottom: 0px !important;padding-top: 0px !important;padding-right: 0px !important;padding-bottom: 0px !important;padding-left: 0px !important;}&#8220; el_class=&#8220;box-shadow&#8220;][vc_column_inner css=&#8220;.vc_custom_1531738710365{margin-top: 0px !important;margin-bottom: 0px !important;padding-top: 25px !important;padding-right: 25px !important;padding-bottom: 25px !important;padding-left: 25px !important;}&#8220;][vc_custom_heading text=&#8220;Stabiliza\u010dn\u00fd pr\u00edspevok pre zdravotn\u00edkov&#8220; font_container=&#8220;tag:h5|font_size:24px|text_align:left|color:%2307a7e3|line_height:40px&#8220; use_theme_fonts=&#8220;yes&#8220; css_animation=&#8220;none&#8220; css=&#8220;.vc_custom_1670396672769{margin-top: 36px !important;margin-bottom: 0px !important;padding-top: 0px !important;padding-bottom: 0px !important;}&#8220;][vc_empty_space][vc_btn title=&#8220;VEREJN\u00dd PR\u00cdS\u013dUB &#8211; STABILIZA\u010cN\u00dd PR\u00cdSPEVOK&#8220; style=&#8220;flat&#8220; shape=&#8220;round&#8220; color=&#8220;sky&#8220; custom_onclick=&#8220;true&#8220; el_id=&#8220;mojButton&#8220; custom_onclick_code=&#8220;jQuery(&#8222;#otvoritText&#8222;).toggle()&#8220; link=&#8220;url:https%3A%2F%2Fwww.lse.sk%2Fsk%2Fwp-content%2Fuploads%2F2022%2F12%2FVerejny-prislub_stabilizacny-prispevok.pdf&#8220;][vc_empty_space][\/vc_column_inner][\/vc_row_inner][\/vc_column][\/vc_row][vc_row][vc_column][vc_row_inner css=&#8220;.vc_custom_1531739068614{margin-top: 28px !important;margin-bottom: 0px !important;padding-top: 0px !important;padding-right: 0px !important;padding-bottom: 0px !important;padding-left: 0px !important;}&#8220; el_class=&#8220;box-shadow&#8220;][vc_column_inner css=&#8220;.vc_custom_1531738710365{margin-top: 0px !important;margin-bottom: 0px !important;padding-top: 25px !important;padding-right: 25px !important;padding-bottom: 25px !important;padding-left: 25px !important;}&#8220;][vc_custom_heading text=&#8220;Dohoda o poskytnut\u00ed stabiliza\u010dn\u00e9ho pr\u00edspevku pre zdravotn\u00edkov&#8220; font_container=&#8220;tag:h5|font_size:24px|text_align:left|color:%2307a7e3|line_height:40px&#8220; use_theme_fonts=&#8220;yes&#8220; css_animation=&#8220;none&#8220; css=&#8220;.vc_custom_1670396690364{margin-top: 36px !important;margin-bottom: 0px !important;padding-top: 0px !important;padding-bottom: 0px !important;}&#8220;][vc_empty_space][vc_btn title=&#8220;DOHODA O POSKYTNUT\u00cd PR\u00cdSPEVKU&#8220; style=&#8220;flat&#8220; shape=&#8220;round&#8220; color=&#8220;sky&#8220; custom_onclick=&#8220;true&#8220; custom_onclick_code=&#8220;jQuery(&#8222;#otvoritText&#8222;).toggle()&#8220; link=&#8220;url:https%3A%2F%2Fwww.lse.sk%2Fsk%2Fwp-content%2Fuploads%2F2022%2F12%2FDohoda_o_poskytnuti_stabilizacneho_prispevku_14122022_final-MZSR.docx&#8220;][vc_empty_space][\/vc_column_inner][\/vc_row_inner][\/vc_column][\/vc_row][vc_row][vc_column][vc_empty_space][\/vc_column][\/vc_row]<\/p>\n","protected":false},"excerpt":{"rendered":"<p>[vc_row][vc_column][vc_row_inner css=&#8220;.vc_custom_1531739068614{margin-top: 28px !important;margin-bottom: 0px !important;padding-top: 0px !important;padding-right: 0px !important;padding-bottom: 0px !important;padding-left: 0px !important;}&#8220; el_class=&#8220;box-shadow&#8220;][vc_column_inner css=&#8220;.vc_custom_1531738710365{margin-top: 0px !important;margin-bottom: 0px !important;padding-top: 25px !important;padding-right: 25px !important;padding-bottom: 25px !important;padding-left: 25px !important;}&#8220;][vc_custom_heading text=&#8220;Stabiliza\u010dn\u00fd pr\u00edspevok pre zdravotn\u00edkov&#8220; font_container=&#8220;tag:h5|font_size:24px|text_align:left|color:%2307a7e3|line_height:40px&#8220; use_theme_fonts=&#8220;yes&#8220; css_animation=&#8220;none&#8220; css=&#8220;.vc_custom_1670396672769{margin-top: 36px !important;margin-bottom: 0px !important;padding-top: 0px !important;padding-bottom: 0px !important;}&#8220;][vc_empty_space][vc_btn title=&#8220;VEREJN\u00dd PR\u00cdS\u013dUB &#8211; STABILIZA\u010cN\u00dd PR\u00cdSPEVOK&#8220; style=&#8220;flat&#8220; shape=&#8220;round&#8220; color=&#8220;sky&#8220; custom_onclick=&#8220;true&#8220; el_id=&#8220;mojButton&#8220; custom_onclick_code=&#8220;jQuery(&#8222;#otvoritText&#8222;).toggle()&#8220; [&hellip;]<\/p>\n","protected":false},"author":2,"featured_media":0,"parent":0,"menu_order":0,"comment_status":"closed","ping_status":"closed","template":"","meta":[],"yoast_head":"<!-- This site is optimized with the Yoast SEO plugin v20.10 - https:\/\/yoast.com\/wordpress\/plugins\/seo\/ -->\n<title>Verejn\u00fd pr\u00eds\u013eub - Life Star Emergency<\/title>\n<meta name=\"robots\" content=\"index, follow, max-snippet:-1, max-image-preview:large, max-video-preview:-1\" \/>\n<link rel=\"canonical\" href=\"https:\/\/www.lse.sk\/sk\/verejny-prislub\/\" \/>\n<meta property=\"og:locale\" content=\"sk_SK\" \/>\n<meta property=\"og:type\" content=\"article\" \/>\n<meta property=\"og:title\" content=\"Verejn\u00fd pr\u00eds\u013eub - Life Star Emergency\" \/>\n<meta property=\"og:description\" content=\"[vc_row][vc_column][vc_row_inner css=&#8220;.vc_custom_1531739068614{margin-top: 28px !important;margin-bottom: 0px !important;padding-top: 0px !important;padding-right: 0px !important;padding-bottom: 0px !important;padding-left: 0px !important;}&#8220; el_class=&#8220;box-shadow&#8220;][vc_column_inner css=&#8220;.vc_custom_1531738710365{margin-top: 0px !important;margin-bottom: 0px !important;padding-top: 25px !important;padding-right: 25px !important;padding-bottom: 25px !important;padding-left: 25px !important;}&#8220;][vc_custom_heading text=&#8220;Stabiliza\u010dn\u00fd pr\u00edspevok pre zdravotn\u00edkov&#8220; font_container=&#8220;tag:h5|font_size:24px|text_align:left|color:%2307a7e3|line_height:40px&#8220; use_theme_fonts=&#8220;yes&#8220; css_animation=&#8220;none&#8220; css=&#8220;.vc_custom_1670396672769{margin-top: 36px !important;margin-bottom: 0px !important;padding-top: 0px !important;padding-bottom: 0px !important;}&#8220;][vc_empty_space][vc_btn title=&#8220;VEREJN\u00dd PR\u00cdS\u013dUB &#8211; STABILIZA\u010cN\u00dd PR\u00cdSPEVOK&#8220; style=&#8220;flat&#8220; shape=&#8220;round&#8220; color=&#8220;sky&#8220; custom_onclick=&#8220;true&#8220; el_id=&#8220;mojButton&#8220; custom_onclick_code=&#8220;jQuery(&#8222;#otvoritText&#8222;).toggle()&#8220; [&hellip;]\" \/>\n<meta property=\"og:url\" content=\"https:\/\/www.lse.sk\/sk\/verejny-prislub\/\" \/>\n<meta property=\"og:site_name\" content=\"Life Star Emergency\" \/>\n<meta property=\"article:modified_time\" content=\"2022-12-15T09:28:32+00:00\" \/>\n<meta name=\"twitter:card\" content=\"summary_large_image\" \/>\n<meta name=\"twitter:label1\" content=\"Predpokladan\u00fd \u010das \u010d\u00edtania\" \/>\n\t<meta name=\"twitter:data1\" content=\"1 min\u00fata\" \/>\n<script type=\"application\/ld+json\" class=\"yoast-schema-graph\">{\"@context\":\"https:\/\/schema.org\",\"@graph\":[{\"@type\":\"WebPage\",\"@id\":\"https:\/\/www.lse.sk\/sk\/verejny-prislub\/\",\"url\":\"https:\/\/www.lse.sk\/sk\/verejny-prislub\/\",\"name\":\"Verejn\u00fd pr\u00eds\u013eub - Life Star Emergency\",\"isPartOf\":{\"@id\":\"https:\/\/www.lse.sk\/sk\/#website\"},\"datePublished\":\"2022-12-07T07:19:28+00:00\",\"dateModified\":\"2022-12-15T09:28:32+00:00\",\"breadcrumb\":{\"@id\":\"https:\/\/www.lse.sk\/sk\/verejny-prislub\/#breadcrumb\"},\"inLanguage\":\"sk-SK\",\"potentialAction\":[{\"@type\":\"ReadAction\",\"target\":[\"https:\/\/www.lse.sk\/sk\/verejny-prislub\/\"]}]},{\"@type\":\"BreadcrumbList\",\"@id\":\"https:\/\/www.lse.sk\/sk\/verejny-prislub\/#breadcrumb\",\"itemListElement\":[{\"@type\":\"ListItem\",\"position\":1,\"name\":\"Home\",\"item\":\"https:\/\/www.lse.sk\/sk\/\"},{\"@type\":\"ListItem\",\"position\":2,\"name\":\"Verejn\u00fd pr\u00eds\u013eub\"}]},{\"@type\":\"WebSite\",\"@id\":\"https:\/\/www.lse.sk\/sk\/#website\",\"url\":\"https:\/\/www.lse.sk\/sk\/\",\"name\":\"Life Star Emergency\",\"description\":\"Ne\u0161t\u00e1tne zdravotn\u00edcke zariadenie\",\"potentialAction\":[{\"@type\":\"SearchAction\",\"target\":{\"@type\":\"EntryPoint\",\"urlTemplate\":\"https:\/\/www.lse.sk\/sk\/?s={search_term_string}\"},\"query-input\":\"required name=search_term_string\"}],\"inLanguage\":\"sk-SK\"}]}<\/script>\n<!-- \/ Yoast SEO plugin. -->","yoast_head_json":{"title":"Verejn\u00fd pr\u00eds\u013eub - Life Star Emergency","robots":{"index":"index","follow":"follow","max-snippet":"max-snippet:-1","max-image-preview":"max-image-preview:large","max-video-preview":"max-video-preview:-1"},"canonical":"https:\/\/www.lse.sk\/sk\/verejny-prislub\/","og_locale":"sk_SK","og_type":"article","og_title":"Verejn\u00fd pr\u00eds\u013eub - Life Star Emergency","og_description":"[vc_row][vc_column][vc_row_inner css=&#8220;.vc_custom_1531739068614{margin-top: 28px !important;margin-bottom: 0px !important;padding-top: 0px !important;padding-right: 0px !important;padding-bottom: 0px !important;padding-left: 0px !important;}&#8220; el_class=&#8220;box-shadow&#8220;][vc_column_inner css=&#8220;.vc_custom_1531738710365{margin-top: 0px !important;margin-bottom: 0px !important;padding-top: 25px !important;padding-right: 25px !important;padding-bottom: 25px !important;padding-left: 25px !important;}&#8220;][vc_custom_heading text=&#8220;Stabiliza\u010dn\u00fd pr\u00edspevok pre zdravotn\u00edkov&#8220; font_container=&#8220;tag:h5|font_size:24px|text_align:left|color:%2307a7e3|line_height:40px&#8220; use_theme_fonts=&#8220;yes&#8220; css_animation=&#8220;none&#8220; css=&#8220;.vc_custom_1670396672769{margin-top: 36px !important;margin-bottom: 0px !important;padding-top: 0px !important;padding-bottom: 0px !important;}&#8220;][vc_empty_space][vc_btn title=&#8220;VEREJN\u00dd PR\u00cdS\u013dUB &#8211; STABILIZA\u010cN\u00dd PR\u00cdSPEVOK&#8220; style=&#8220;flat&#8220; shape=&#8220;round&#8220; color=&#8220;sky&#8220; custom_onclick=&#8220;true&#8220; el_id=&#8220;mojButton&#8220; custom_onclick_code=&#8220;jQuery(&#8222;#otvoritText&#8222;).toggle()&#8220; [&hellip;]","og_url":"https:\/\/www.lse.sk\/sk\/verejny-prislub\/","og_site_name":"Life Star Emergency","article_modified_time":"2022-12-15T09:28:32+00:00","twitter_card":"summary_large_image","twitter_misc":{"Predpokladan\u00fd \u010das \u010d\u00edtania":"1 min\u00fata"},"schema":{"@context":"https:\/\/schema.org","@graph":[{"@type":"WebPage","@id":"https:\/\/www.lse.sk\/sk\/verejny-prislub\/","url":"https:\/\/www.lse.sk\/sk\/verejny-prislub\/","name":"Verejn\u00fd pr\u00eds\u013eub - Life Star Emergency","isPartOf":{"@id":"https:\/\/www.lse.sk\/sk\/#website"},"datePublished":"2022-12-07T07:19:28+00:00","dateModified":"2022-12-15T09:28:32+00:00","breadcrumb":{"@id":"https:\/\/www.lse.sk\/sk\/verejny-prislub\/#breadcrumb"},"inLanguage":"sk-SK","potentialAction":[{"@type":"ReadAction","target":["https:\/\/www.lse.sk\/sk\/verejny-prislub\/"]}]},{"@type":"BreadcrumbList","@id":"https:\/\/www.lse.sk\/sk\/verejny-prislub\/#breadcrumb","itemListElement":[{"@type":"ListItem","position":1,"name":"Home","item":"https:\/\/www.lse.sk\/sk\/"},{"@type":"ListItem","position":2,"name":"Verejn\u00fd pr\u00eds\u013eub"}]},{"@type":"WebSite","@id":"https:\/\/www.lse.sk\/sk\/#website","url":"https:\/\/www.lse.sk\/sk\/","name":"Life Star Emergency","description":"Ne\u0161t\u00e1tne zdravotn\u00edcke zariadenie","potentialAction":[{"@type":"SearchAction","target":{"@type":"EntryPoint","urlTemplate":"https:\/\/www.lse.sk\/sk\/?s={search_term_string}"},"query-input":"required name=search_term_string"}],"inLanguage":"sk-SK"}]}},"_links":{"self":[{"href":"https:\/\/www.lse.sk\/sk\/wp-json\/wp\/v2\/pages\/10420"}],"collection":[{"href":"https:\/\/www.lse.sk\/sk\/wp-json\/wp\/v2\/pages"}],"about":[{"href":"https:\/\/www.lse.sk\/sk\/wp-json\/wp\/v2\/types\/page"}],"author":[{"embeddable":true,"href":"https:\/\/www.lse.sk\/sk\/wp-json\/wp\/v2\/users\/2"}],"replies":[{"embeddable":true,"href":"https:\/\/www.lse.sk\/sk\/wp-json\/wp\/v2\/comments?post=10420"}],"version-history":[{"count":16,"href":"https:\/\/www.lse.sk\/sk\/wp-json\/wp\/v2\/pages\/10420\/revisions"}],"predecessor-version":[{"id":10441,"href":"https:\/\/www.lse.sk\/sk\/wp-json\/wp\/v2\/pages\/10420\/revisions\/10441"}],"wp:attachment":[{"href":"https:\/\/www.lse.sk\/sk\/wp-json\/wp\/v2\/media?parent=10420"}],"curies":[{"name":"wp","href":"https:\/\/api.w.org\/{rel}","templated":true}]}}