{"id":8896,"date":"2019-02-21T12:15:23","date_gmt":"2019-02-21T11:15:23","guid":{"rendered":"http:\/\/www.lse.sk\/sk\/?page_id=8896"},"modified":"2019-05-21T09:36:28","modified_gmt":"2019-05-21T07:36:28","slug":"volania","status":"publish","type":"page","link":"https:\/\/www.lse.sk\/sk\/volania\/","title":{"rendered":"Volania"},"content":{"rendered":"<p>[vc_row full_width=&#8220;stretch_row_content_no_spaces&#8220; css=&#8220;.vc_custom_1530077512369{margin-top: 0px !important;margin-bottom: 0px !important;padding-top: 0px !important;padding-bottom: 0px !important;}&#8220;][vc_column css=&#8220;.vc_custom_1530077389456{margin-top: 0px !important;margin-bottom: 0px !important;padding-top: 0px !important;padding-bottom: 0px !important;}&#8220;][rev_slider_vc alias=&#8220;volania&#8220;][\/vc_column][\/vc_row][vc_row el_class=&#8220;background-position-right-top&#8220; css=&#8220;.vc_custom_1550831628922{margin-top: 35px !important;margin-right: 0px !important;margin-bottom: 0px !important;margin-left: 0px !important;padding-top: 36px !important;padding-right: 30px !important;padding-bottom: 34px !important;padding-left: 30px !important;background-image: url(http:\/\/www.lse.sk\/sk\/wp-content\/uploads\/2019\/02\/podkl_r.jpg?id=9006) !important;background-position: center !important;background-repeat: no-repeat !important;background-size: cover !important;}&#8220;][vc_column width=&#8220;7\/12&#8243; css=&#8220;.vc_custom_1532163505076{margin-top: 0px !important;margin-bottom: 0px !important;padding-top: 0px !important;padding-bottom: 0px !important;}&#8220;][vc_column_text css=&#8220;.vc_custom_1550828314731{margin-top: 0px !important;margin-bottom: 0px !important;padding-top: 0px !important;padding-bottom: 30px !important;}&#8220;]<\/p>\n<h4>Stali ste sa svedkom n\u00e1hlej udalosti, pri ktorej do\u0161lo k n\u00e1hlemu ohrozeniu \u013eudsk\u00e9ho \u017eivota a us\u00fadili ste, \u017ee zdravotn\u00fd stav je v\u00e1\u017eny a Va\u0161a pomoc nesta\u010d\u00ed?<\/h4>\n<p>[\/vc_column_text][vc_custom_heading text=&#8220;VOLAJTE LINKU 155&#8243; font_container=&#8220;tag:h2|font_size:30px|text_align:left|color:%23193a5e|line_height:23px&#8220; use_theme_fonts=&#8220;yes&#8220; el_class=&#8220;font-weight-bold letter-spacing-0&#8243; css=&#8220;.vc_custom_1550828158368{margin-top: 0px !important;margin-bottom: 0px !important;padding-top: 12px !important;padding-bottom: 20px !important;}&#8220;][vc_custom_heading text=&#8220;V\u017edy pokia\u013e do\u0161lo ku n\u00e1hlemu poru\u0161eniu zdravia, \u00farazu alebo nehode s v\u00e4\u010d\u0161\u00edmi n\u00e1sledkami.&#8220; font_container=&#8220;tag:div|font_size:15px|text_align:left|line_height:26px&#8220; use_theme_fonts=&#8220;yes&#8220; css_animation=&#8220;none&#8220; css=&#8220;.vc_custom_1550827937404{margin-top: 0px !important;margin-bottom: 0px !important;padding-top: 0px !important;padding-bottom: 10px !important;}&#8220;][vc_custom_heading text=&#8220;AKO VOLA\u0164 155?&#8220; font_container=&#8220;tag:h2|font_size:30px|text_align:left|color:%23193a5e|line_height:23px&#8220; use_theme_fonts=&#8220;yes&#8220; el_class=&#8220;font-weight-bold letter-spacing-0&#8243; css=&#8220;.vc_custom_1550828211696{margin-top: 0px !important;margin-bottom: 0px !important;padding-top: 12px !important;padding-bottom: 20px !important;}&#8220;][vc_custom_heading text=&#8220;Na linku 155 je mo\u017en\u00e9 vola\u0165 z telef\u00f3nu akejko\u013evek siete v SR, \u010d\u00edslo je v\u017edy bez predvo\u013eby, volanie je v\u017edy zadarmo. Pozor pri volan\u00ed z mobiln\u00e9ho telef\u00f3nu v\u017edy zd\u00f4raznite, kde se presne nach\u00e1dzate!&#8220; font_container=&#8220;tag:div|font_size:15px|text_align:left|line_height:26px&#8220; use_theme_fonts=&#8220;yes&#8220; css_animation=&#8220;none&#8220; css=&#8220;.vc_custom_1550828224516{margin-top: 0px !important;margin-bottom: 0px !important;padding-top: 0px !important;padding-bottom: 10px !important;}&#8220;][vc_custom_heading text=&#8220;\u010cO POVEDA\u0164?&#8220; font_container=&#8220;tag:h2|font_size:30px|text_align:left|color:%23193a5e|line_height:23px&#8220; use_theme_fonts=&#8220;yes&#8220; el_class=&#8220;font-weight-bold letter-spacing-0&#8243; css=&#8220;.vc_custom_1550828249571{margin-top: 0px !important;margin-bottom: 0px !important;padding-top: 12px !important;padding-bottom: 20px !important;}&#8220;][vc_custom_heading text=&#8220;Sna\u017ete sa zachova\u0165 pokoj: \u010co sa presne stalo, Presn\u00e9 miesto udalosti, Inform\u00e1cie o postihnutom, Inform\u00e1cie o volaj\u00facom, pr\u00edp. vecne odpoveda\u0165 na ot\u00e1zky.&#8220; font_container=&#8220;tag:div|font_size:15px|text_align:left|line_height:26px&#8220; use_theme_fonts=&#8220;yes&#8220; css_animation=&#8220;none&#8220; css=&#8220;.vc_custom_1550828261871{margin-top: 0px !important;margin-bottom: 0px !important;padding-top: 0px !important;padding-bottom: 10px !important;}&#8220;][\/vc_column][vc_column width=&#8220;5\/12&#8243; css=&#8220;.vc_custom_1532163514468{margin-top: 0px !important;margin-bottom: 0px !important;padding-top: 0px !important;padding-bottom: 0px !important;}&#8220;][\/vc_column][\/vc_row][vc_row full_width=&#8220;stretch_row&#8220; css=&#8220;.vc_custom_1550828686188{margin-top: 0px !important;margin-bottom: 0px !important;padding-top: 50px !important;padding-bottom: 0px !important;}&#8220;][vc_column css=&#8220;.vc_custom_1525849373420{padding-top: 0px !important;padding-bottom: 0px !important;}&#8220;][vc_custom_heading text=&#8220;Ties\u0148ov\u00e9 Volania&#8220; font_container=&#8220;tag:h1|font_size:28px|text_align:center|color:%23030712|line_height:35px&#8220; use_theme_fonts=&#8220;yes&#8220; el_class=&#8220;font-weight-semibold&#8220; css=&#8220;.vc_custom_1550753811597{margin-top: 0px !important;margin-bottom: 0px !important;}&#8220;][\/vc_column][\/vc_row][vc_row full_width=&#8220;stretch_row&#8220; css=&#8220;.vc_custom_1528366579983{margin-top: 0px !important;margin-bottom: 0px !important;padding-top: 45px !important;padding-bottom: 0px !important;}&#8220;][vc_column width=&#8220;1\/3&#8243; css=&#8220;.vc_custom_1524483495164{margin-top: 0px !important;margin-bottom: 30px !important;padding-top: 0px !important;padding-bottom: 0px !important;}&#8220;]\r<!-- fancy-text-box -->\r<div class=\"rt-fancy-text-box element-two  rt1982791372 process-left-box\" ><div class=\"holder matchHeight  vc_custom_1550753706863\"><div class=\"heading\"><div class=\"icon\"><img width=\"200\" height=\"200\" src=\"https:\/\/www.lse.sk\/sk\/wp-content\/uploads\/2019\/02\/155.png\" class=\"attachment-full size-full\" alt=\"\" decoding=\"async\" loading=\"lazy\" srcset=\"https:\/\/www.lse.sk\/sk\/wp-content\/uploads\/2019\/02\/155.png 200w, https:\/\/www.lse.sk\/sk\/wp-content\/uploads\/2019\/02\/155-150x150.png 150w\" sizes=\"(max-width: 200px) 100vw, 200px\" \/><\/div><div class=\"data\"><p class=\"title\">ZDRAVOTN\u00c1 SLU\u017dBA<\/p><\/div><\/div><div class=\"content\"><p>Ties\u0148ov\u00fa linku zdravotnej slu\u017eby vol\u00e1me pri n\u00e1hlom poru\u0161en\u00ed zdravia, \u00faraze alebo nehode s v\u00e4\u010d\u0161\u00edmi n\u00e1sledkami.<\/p><\/div><\/div><\/div>\r<!-- fancy-text-box -->\r[\/vc_column][vc_column width=&#8220;1\/3&#8243; css=&#8220;.vc_custom_1524483522841{margin-top: 0px !important;margin-bottom: 30px !important;padding-top: 0px !important;padding-bottom: 0px !important;}&#8220;]\r<!-- fancy-text-box -->\r<div class=\"rt-fancy-text-box element-two  rt1189028303 \" ><div class=\"holder matchHeight  vc_custom_1550753589982\"><div class=\"heading\"><div class=\"icon\"><img width=\"200\" height=\"200\" src=\"https:\/\/www.lse.sk\/sk\/wp-content\/uploads\/2019\/02\/158.png\" class=\"attachment-full size-full\" alt=\"\" decoding=\"async\" loading=\"lazy\" srcset=\"https:\/\/www.lse.sk\/sk\/wp-content\/uploads\/2019\/02\/158.png 200w, https:\/\/www.lse.sk\/sk\/wp-content\/uploads\/2019\/02\/158-150x150.png 150w\" sizes=\"(max-width: 200px) 100vw, 200px\" \/><\/div><div class=\"data\"><p class=\"title\">POL\u00cdCIA<\/p><\/div><\/div><div class=\"content\"><p>Tties\u0148ov\u00fa linku pol\u00edcie vol\u00e1me, ke\u010f je ohrozen\u00fd \u017eivot, zdravie \u010di majetok n\u00e1s alebo niekoho in\u00e9ho.<\/p><\/div><\/div><\/div>\r<!-- fancy-text-box -->\r[\/vc_column][vc_column width=&#8220;1\/3&#8243; css=&#8220;.vc_custom_1524483536303{margin-top: 0px !important;margin-bottom: 30px !important;padding-top: 0px !important;padding-bottom: 0px !important;}&#8220;]\r<!-- fancy-text-box -->\r<div class=\"rt-fancy-text-box element-two  rt1724676374 process-right-box\" ><div class=\"holder matchHeight  vc_custom_1550753576713\"><div class=\"heading\"><div class=\"icon\"><img width=\"200\" height=\"200\" src=\"https:\/\/www.lse.sk\/sk\/wp-content\/uploads\/2019\/02\/150.png\" class=\"attachment-full size-full\" alt=\"\" decoding=\"async\" loading=\"lazy\" srcset=\"https:\/\/www.lse.sk\/sk\/wp-content\/uploads\/2019\/02\/150.png 200w, https:\/\/www.lse.sk\/sk\/wp-content\/uploads\/2019\/02\/150-150x150.png 150w\" sizes=\"(max-width: 200px) 100vw, 200px\" \/><\/div><div class=\"data\"><p class=\"title\">HASI\u010cI<\/p><\/div><\/div><div class=\"content\"><p>Ties\u0148ov\u00fa linku hasi\u010dov vol\u00e1me pri po\u017eiaroch a nehod\u00e1ch, kedy je potrebn\u00e9 vykona\u0165 z\u00e1chrann\u00e9 pr\u00e1ce.<\/p><\/div><\/div><\/div>\r<!-- fancy-text-box -->\r[\/vc_column][\/vc_row][vc_row gap=&#8220;30&#8243; css=&#8220;.vc_custom_1550828639928{margin-top: 0px !important;margin-right: 0px !important;margin-bottom: 50px !important;margin-left: 0px !important;padding-top: 0px !important;padding-bottom: 0px !important;background-image: url(http:\/\/www.lse.sk\/sk\/wp-content\/uploads\/2019\/02\/stvorlistok_.jpg?id=8892) !important;background-position: center !important;background-repeat: no-repeat !important;background-size: cover !important;}&#8220;][vc_column width=&#8220;1\/3&#8243; css=&#8220;.vc_custom_1531896868029{margin-top: 0px !important;margin-bottom: 0px !important;padding-top: 150px !important;padding-bottom: 150px !important;}&#8220; offset=&#8220;vc_col-lg-6 vc_col-md-6 vc_col-xs-12&#8243;][\/vc_column][vc_column css_animation=&#8220;none&#8220; width=&#8220;2\/3&#8243; css=&#8220;.vc_custom_1535795090800{margin-top: 0px !important;margin-bottom: 0px !important;padding-top: 60px !important;padding-right: 40px !important;padding-bottom: 71px !important;padding-left: 20px !important;}&#8220; offset=&#8220;vc_col-lg-6 vc_col-md-6 vc_col-xs-12&#8243;][vc_custom_heading text=&#8220;Ties\u0148ov\u00e1 linka&#8220; font_container=&#8220;tag:h2|font_size:36px|text_align:left|color:%23202c45|line_height:45px&#8220; use_theme_fonts=&#8220;yes&#8220; css=&#8220;.vc_custom_1550745000165{margin-top: 0px !important;margin-bottom: 0px !important;padding-top: 0px !important;padding-bottom: 0px !important;}&#8220; el_class=&#8220;letter-spacing-0&#8243;][vc_custom_heading text=&#8220;Prostredn\u00edctvom linky 112 m\u00f4\u017eeme privola\u0165 z\u00e1chrann\u00fa zdravotn\u00fa slu\u017ebu, hasi\u010dov alebo pol\u00edciu. Linka je jednotn\u00fdm eur\u00f3pskym \u010d\u00edslom bezplatn\u00e9ho ties\u0148ov\u00e9ho volania pou\u017eite\u013en\u00e9ho kdeko\u013evek na \u00fazem\u00ed Eur\u00f3pskej \u00fanie.&#8220; font_container=&#8220;tag:p|font_size:17px|text_align:left|color:%23000000|line_height:26px&#8220; use_theme_fonts=&#8220;yes&#8220; css=&#8220;.vc_custom_1550745740170{margin-top: 13px !important;margin-bottom: 20px !important;padding-top: 0px !important;padding-bottom: 0px !important;}&#8220;][vc_custom_heading text=&#8220;Potrebujete z\u00e1chran\u00e1rsku pomoc? Volajte!&#8220; font_container=&#8220;tag:h4|font_size:18px|text_align:left|color:%23202c45|line_height:24px&#8220; use_theme_fonts=&#8220;yes&#8220; css=&#8220;.vc_custom_1550745355999{margin-top: 0px !important;margin-bottom: 18px !important;padding-top: 0px !important;padding-bottom: 0px !important;}&#8220; el_class=&#8220;letter-spacing-0&#8243;][vc_custom_heading text=&#8220;112&#8243; font_container=&#8220;tag:h3|font_size:65px|text_align:left|color:%23202c45|line_height:44px&#8220; use_theme_fonts=&#8220;yes&#8220; el_class=&#8220;font-weight-light letter-spacing-2&#8243; css=&#8220;.vc_custom_1550745370911{margin-top: 0px !important;margin-bottom: 21px !important;padding-top: 0px !important;padding-right: 0px !important;padding-bottom: 0px !important;padding-left: 62px !important;background-image: url(http:\/\/www.lse.sk\/sk\/wp-content\/uploads\/2018\/07\/phone.png?id=7908) !important;background-position: 0 0 !important;background-repeat: no-repeat !important;}&#8220;]\r<!-- radiantthemes-custom-button -->\r<div class=\"radiantthemes-custom-button hover-style-four rt2033236754  font-weight-medium letter-spacing-1\"  data-button-direction=\"left\" data-button-fullwidth=\"false\"  data-button-icon-position=\"right\"><a style=\" color: #ffffff; line-height: 23px; font-size: 20px;\" class=\"radiantthemes-custom-button-main  vc_custom_1558424164094\" href=\"http:\/\/www.lse.sk\/sk\/prva-pomoc\/\"  title=\"\" target=\"_self\"><div class=\"placeholder\">Poskytnutie prvej pomoci<i class=\"fa fa-chevron-circle-right\"><\/i><\/div><\/a><\/div>\r<!-- radiantthemes-custom-button -->\r[\/vc_column][\/vc_row]<\/p>\n","protected":false},"excerpt":{"rendered":"<p>[vc_row full_width=&#8220;stretch_row_content_no_spaces&#8220; css=&#8220;.vc_custom_1530077512369{margin-top: 0px !important;margin-bottom: 0px !important;padding-top: 0px !important;padding-bottom: 0px !important;}&#8220;][vc_column css=&#8220;.vc_custom_1530077389456{margin-top: 0px !important;margin-bottom: 0px !important;padding-top: 0px !important;padding-bottom: 0px !important;}&#8220;][rev_slider_vc alias=&#8220;volania&#8220;][\/vc_column][\/vc_row][vc_row el_class=&#8220;background-position-right-top&#8220; css=&#8220;.vc_custom_1550831628922{margin-top: 35px !important;margin-right: 0px !important;margin-bottom: 0px !important;margin-left: 0px !important;padding-top: 36px !important;padding-right: 30px !important;padding-bottom: 34px !important;padding-left: 30px !important;background-image: url(http:\/\/www.lse.sk\/sk\/wp-content\/uploads\/2019\/02\/podkl_r.jpg?id=9006) !important;background-position: center !important;background-repeat: no-repeat !important;background-size: cover !important;}&#8220;][vc_column width=&#8220;7\/12&#8243; css=&#8220;.vc_custom_1532163505076{margin-top: 0px !important;margin-bottom: 0px !important;padding-top: 0px !important;padding-bottom: [&hellip;]<\/p>\n","protected":false},"author":2,"featured_media":0,"parent":0,"menu_order":0,"comment_status":"closed","ping_status":"closed","template":"","meta":[],"yoast_head":"<!-- This site is optimized with the Yoast SEO plugin v20.10 - https:\/\/yoast.com\/wordpress\/plugins\/seo\/ -->\n<title>Ties\u0148ov\u00e9 volania - Life Star Emergency. Ako a kedy vola\u0165 prv\u00fa pomoc<\/title>\n<meta name=\"description\" content=\"Ties\u0148ov\u00e9 volania: Stali ste sa svedkom n\u00e1hlej udalosti, pri ktorej do\u0161lo k n\u00e1hlemu ohrozeniu \u013eudsk\u00e9ho \u017eivota? Volajte linku 155 alebo ties\u0148ov\u00fa linku 112\" \/>\n<meta name=\"robots\" content=\"index, follow, max-snippet:-1, max-image-preview:large, max-video-preview:-1\" \/>\n<link rel=\"canonical\" href=\"https:\/\/www.lse.sk\/sk\/volania\/\" \/>\n<meta property=\"og:locale\" content=\"sk_SK\" \/>\n<meta property=\"og:type\" content=\"article\" \/>\n<meta property=\"og:title\" content=\"Ties\u0148ov\u00e9 volania - Life Star Emergency. Ako a kedy vola\u0165 prv\u00fa pomoc\" \/>\n<meta property=\"og:description\" content=\"Ties\u0148ov\u00e9 volania: Stali ste sa svedkom n\u00e1hlej udalosti, pri ktorej do\u0161lo k n\u00e1hlemu ohrozeniu \u013eudsk\u00e9ho \u017eivota? Volajte linku 155 alebo ties\u0148ov\u00fa linku 112\" \/>\n<meta property=\"og:url\" content=\"https:\/\/www.lse.sk\/sk\/volania\/\" \/>\n<meta property=\"og:site_name\" content=\"Life Star Emergency\" \/>\n<meta property=\"article:modified_time\" content=\"2019-05-21T07:36:28+00:00\" \/>\n<meta name=\"twitter:card\" content=\"summary_large_image\" \/>\n<meta name=\"twitter:label1\" content=\"Predpokladan\u00fd \u010das \u010d\u00edtania\" \/>\n\t<meta name=\"twitter:data1\" content=\"7 min\u00fat\" \/>\n<script type=\"application\/ld+json\" class=\"yoast-schema-graph\">{\"@context\":\"https:\/\/schema.org\",\"@graph\":[{\"@type\":\"WebPage\",\"@id\":\"https:\/\/www.lse.sk\/sk\/volania\/\",\"url\":\"https:\/\/www.lse.sk\/sk\/volania\/\",\"name\":\"Ties\u0148ov\u00e9 volania - Life Star Emergency. Ako a kedy vola\u0165 prv\u00fa pomoc\",\"isPartOf\":{\"@id\":\"https:\/\/www.lse.sk\/sk\/#website\"},\"datePublished\":\"2019-02-21T11:15:23+00:00\",\"dateModified\":\"2019-05-21T07:36:28+00:00\",\"description\":\"Ties\u0148ov\u00e9 volania: Stali ste sa svedkom n\u00e1hlej udalosti, pri ktorej do\u0161lo k n\u00e1hlemu ohrozeniu \u013eudsk\u00e9ho \u017eivota? Volajte linku 155 alebo ties\u0148ov\u00fa linku 112\",\"breadcrumb\":{\"@id\":\"https:\/\/www.lse.sk\/sk\/volania\/#breadcrumb\"},\"inLanguage\":\"sk-SK\",\"potentialAction\":[{\"@type\":\"ReadAction\",\"target\":[\"https:\/\/www.lse.sk\/sk\/volania\/\"]}]},{\"@type\":\"BreadcrumbList\",\"@id\":\"https:\/\/www.lse.sk\/sk\/volania\/#breadcrumb\",\"itemListElement\":[{\"@type\":\"ListItem\",\"position\":1,\"name\":\"Home\",\"item\":\"https:\/\/www.lse.sk\/sk\/\"},{\"@type\":\"ListItem\",\"position\":2,\"name\":\"Volania\"}]},{\"@type\":\"WebSite\",\"@id\":\"https:\/\/www.lse.sk\/sk\/#website\",\"url\":\"https:\/\/www.lse.sk\/sk\/\",\"name\":\"Life Star Emergency\",\"description\":\"Ne\u0161t\u00e1tne zdravotn\u00edcke zariadenie\",\"potentialAction\":[{\"@type\":\"SearchAction\",\"target\":{\"@type\":\"EntryPoint\",\"urlTemplate\":\"https:\/\/www.lse.sk\/sk\/?s={search_term_string}\"},\"query-input\":\"required name=search_term_string\"}],\"inLanguage\":\"sk-SK\"}]}<\/script>\n<!-- \/ Yoast SEO plugin. -->","yoast_head_json":{"title":"Ties\u0148ov\u00e9 volania - Life Star Emergency. Ako a kedy vola\u0165 prv\u00fa pomoc","description":"Ties\u0148ov\u00e9 volania: Stali ste sa svedkom n\u00e1hlej udalosti, pri ktorej do\u0161lo k n\u00e1hlemu ohrozeniu \u013eudsk\u00e9ho \u017eivota? Volajte linku 155 alebo ties\u0148ov\u00fa linku 112","robots":{"index":"index","follow":"follow","max-snippet":"max-snippet:-1","max-image-preview":"max-image-preview:large","max-video-preview":"max-video-preview:-1"},"canonical":"https:\/\/www.lse.sk\/sk\/volania\/","og_locale":"sk_SK","og_type":"article","og_title":"Ties\u0148ov\u00e9 volania - Life Star Emergency. Ako a kedy vola\u0165 prv\u00fa pomoc","og_description":"Ties\u0148ov\u00e9 volania: Stali ste sa svedkom n\u00e1hlej udalosti, pri ktorej do\u0161lo k n\u00e1hlemu ohrozeniu \u013eudsk\u00e9ho \u017eivota? Volajte linku 155 alebo ties\u0148ov\u00fa linku 112","og_url":"https:\/\/www.lse.sk\/sk\/volania\/","og_site_name":"Life Star Emergency","article_modified_time":"2019-05-21T07:36:28+00:00","twitter_card":"summary_large_image","twitter_misc":{"Predpokladan\u00fd \u010das \u010d\u00edtania":"7 min\u00fat"},"schema":{"@context":"https:\/\/schema.org","@graph":[{"@type":"WebPage","@id":"https:\/\/www.lse.sk\/sk\/volania\/","url":"https:\/\/www.lse.sk\/sk\/volania\/","name":"Ties\u0148ov\u00e9 volania - Life Star Emergency. Ako a kedy vola\u0165 prv\u00fa pomoc","isPartOf":{"@id":"https:\/\/www.lse.sk\/sk\/#website"},"datePublished":"2019-02-21T11:15:23+00:00","dateModified":"2019-05-21T07:36:28+00:00","description":"Ties\u0148ov\u00e9 volania: Stali ste sa svedkom n\u00e1hlej udalosti, pri ktorej do\u0161lo k n\u00e1hlemu ohrozeniu \u013eudsk\u00e9ho \u017eivota? Volajte linku 155 alebo ties\u0148ov\u00fa linku 112","breadcrumb":{"@id":"https:\/\/www.lse.sk\/sk\/volania\/#breadcrumb"},"inLanguage":"sk-SK","potentialAction":[{"@type":"ReadAction","target":["https:\/\/www.lse.sk\/sk\/volania\/"]}]},{"@type":"BreadcrumbList","@id":"https:\/\/www.lse.sk\/sk\/volania\/#breadcrumb","itemListElement":[{"@type":"ListItem","position":1,"name":"Home","item":"https:\/\/www.lse.sk\/sk\/"},{"@type":"ListItem","position":2,"name":"Volania"}]},{"@type":"WebSite","@id":"https:\/\/www.lse.sk\/sk\/#website","url":"https:\/\/www.lse.sk\/sk\/","name":"Life Star Emergency","description":"Ne\u0161t\u00e1tne zdravotn\u00edcke zariadenie","potentialAction":[{"@type":"SearchAction","target":{"@type":"EntryPoint","urlTemplate":"https:\/\/www.lse.sk\/sk\/?s={search_term_string}"},"query-input":"required name=search_term_string"}],"inLanguage":"sk-SK"}]}},"_links":{"self":[{"href":"https:\/\/www.lse.sk\/sk\/wp-json\/wp\/v2\/pages\/8896"}],"collection":[{"href":"https:\/\/www.lse.sk\/sk\/wp-json\/wp\/v2\/pages"}],"about":[{"href":"https:\/\/www.lse.sk\/sk\/wp-json\/wp\/v2\/types\/page"}],"author":[{"embeddable":true,"href":"https:\/\/www.lse.sk\/sk\/wp-json\/wp\/v2\/users\/2"}],"replies":[{"embeddable":true,"href":"https:\/\/www.lse.sk\/sk\/wp-json\/wp\/v2\/comments?post=8896"}],"version-history":[{"count":37,"href":"https:\/\/www.lse.sk\/sk\/wp-json\/wp\/v2\/pages\/8896\/revisions"}],"predecessor-version":[{"id":9796,"href":"https:\/\/www.lse.sk\/sk\/wp-json\/wp\/v2\/pages\/8896\/revisions\/9796"}],"wp:attachment":[{"href":"https:\/\/www.lse.sk\/sk\/wp-json\/wp\/v2\/media?parent=8896"}],"curies":[{"name":"wp","href":"https:\/\/api.w.org\/{rel}","templated":true}]}}