{"id":9131,"date":"2019-03-07T12:50:04","date_gmt":"2019-03-07T11:50:04","guid":{"rendered":"http:\/\/www.lse.sk\/sk\/?page_id=9131"},"modified":"2019-05-27T07:42:42","modified_gmt":"2019-05-27T05:42:42","slug":"galeria","status":"publish","type":"page","link":"https:\/\/www.lse.sk\/sk\/galeria\/","title":{"rendered":"Gal\u00e9ria"},"content":{"rendered":"<p>[vc_row][vc_column][vc_empty_space height=&#8220;50px&#8220;][vc_custom_heading text=&#8220;Foto gal\u00e9ria&#8220; font_container=&#8220;tag:h2|font_size:36|text_align:center|color:%2307a7e3&#8243; use_theme_fonts=&#8220;yes&#8220;][vc_empty_space height=&#8220;50px&#8220;][vc_media_grid element_width=&#8220;3&#8243; gap=&#8220;10&#8243; initial_loading_animation=&#8220;fadeInLeft&#8220; grid_id=&#8220;vc_gid:1558935694621-2f129f01-91e6-6&#8243; include=&#8220;9615,9619,9618,9620,9621,9622,9617,9616,9580,9046,9626,9627,9629,9630,9632,9634,9636&#8243;][\/vc_column][\/vc_row]<\/p>\n","protected":false},"excerpt":{"rendered":"<p>[vc_row][vc_column][vc_empty_space height=&#8220;50px&#8220;][vc_custom_heading text=&#8220;Foto gal\u00e9ria&#8220; font_container=&#8220;tag:h2|font_size:36|text_align:center|color:%2307a7e3&#8243; use_theme_fonts=&#8220;yes&#8220;][vc_empty_space height=&#8220;50px&#8220;][vc_media_grid element_width=&#8220;3&#8243; gap=&#8220;10&#8243; initial_loading_animation=&#8220;fadeInLeft&#8220; grid_id=&#8220;vc_gid:1558935694621-2f129f01-91e6-6&#8243; include=&#8220;9615,9619,9618,9620,9621,9622,9617,9616,9580,9046,9626,9627,9629,9630,9632,9634,9636&#8243;][\/vc_column][\/vc_row]<\/p>\n","protected":false},"author":2,"featured_media":0,"parent":0,"menu_order":0,"comment_status":"closed","ping_status":"closed","template":"","meta":[],"yoast_head":"<!-- This site is optimized with the Yoast SEO plugin v20.10 - https:\/\/yoast.com\/wordpress\/plugins\/seo\/ -->\n<title>Foto gal\u00e9ria zo z\u00e1sahov, akci\u00ed, sanitiek - Life Star Emergency, spol. sr.o.<\/title>\n<meta name=\"description\" content=\"Z\u00e1sahy z prvej pomoci LSE. Sme tam, kde n\u00e1s chor\u00ed, poranen\u00ed a trpiaci potrebuj\u00fa\u2026Gal\u00e1ria fotografi\u00ed zo z\u00e1sahov, akci\u00ed, sanitiek...\" \/>\n<meta name=\"robots\" content=\"index, follow, max-snippet:-1, max-image-preview:large, max-video-preview:-1\" \/>\n<link rel=\"canonical\" href=\"https:\/\/www.lse.sk\/sk\/galeria\/\" \/>\n<meta property=\"og:locale\" content=\"sk_SK\" \/>\n<meta property=\"og:type\" content=\"article\" \/>\n<meta property=\"og:title\" content=\"Foto gal\u00e9ria zo z\u00e1sahov, akci\u00ed, sanitiek - Life Star Emergency, spol. sr.o.\" \/>\n<meta property=\"og:description\" content=\"Z\u00e1sahy z prvej pomoci LSE. Sme tam, kde n\u00e1s chor\u00ed, poranen\u00ed a trpiaci potrebuj\u00fa\u2026Gal\u00e1ria fotografi\u00ed zo z\u00e1sahov, akci\u00ed, sanitiek...\" \/>\n<meta property=\"og:url\" content=\"https:\/\/www.lse.sk\/sk\/galeria\/\" \/>\n<meta property=\"og:site_name\" content=\"Life Star Emergency\" \/>\n<meta property=\"article:modified_time\" content=\"2019-05-27T05:42:42+00:00\" \/>\n<meta name=\"twitter:card\" content=\"summary_large_image\" \/>\n<script type=\"application\/ld+json\" class=\"yoast-schema-graph\">{\"@context\":\"https:\/\/schema.org\",\"@graph\":[{\"@type\":\"WebPage\",\"@id\":\"https:\/\/www.lse.sk\/sk\/galeria\/\",\"url\":\"https:\/\/www.lse.sk\/sk\/galeria\/\",\"name\":\"Foto gal\u00e9ria zo z\u00e1sahov, akci\u00ed, sanitiek - Life Star Emergency, spol. sr.o.\",\"isPartOf\":{\"@id\":\"https:\/\/www.lse.sk\/sk\/#website\"},\"datePublished\":\"2019-03-07T11:50:04+00:00\",\"dateModified\":\"2019-05-27T05:42:42+00:00\",\"description\":\"Z\u00e1sahy z prvej pomoci LSE. Sme tam, kde n\u00e1s chor\u00ed, poranen\u00ed a trpiaci potrebuj\u00fa\u2026Gal\u00e1ria fotografi\u00ed zo z\u00e1sahov, akci\u00ed, sanitiek...\",\"breadcrumb\":{\"@id\":\"https:\/\/www.lse.sk\/sk\/galeria\/#breadcrumb\"},\"inLanguage\":\"sk-SK\",\"potentialAction\":[{\"@type\":\"ReadAction\",\"target\":[\"https:\/\/www.lse.sk\/sk\/galeria\/\"]}]},{\"@type\":\"BreadcrumbList\",\"@id\":\"https:\/\/www.lse.sk\/sk\/galeria\/#breadcrumb\",\"itemListElement\":[{\"@type\":\"ListItem\",\"position\":1,\"name\":\"Home\",\"item\":\"https:\/\/www.lse.sk\/sk\/\"},{\"@type\":\"ListItem\",\"position\":2,\"name\":\"Gal\u00e9ria\"}]},{\"@type\":\"WebSite\",\"@id\":\"https:\/\/www.lse.sk\/sk\/#website\",\"url\":\"https:\/\/www.lse.sk\/sk\/\",\"name\":\"Life Star Emergency\",\"description\":\"Ne\u0161t\u00e1tne zdravotn\u00edcke zariadenie\",\"potentialAction\":[{\"@type\":\"SearchAction\",\"target\":{\"@type\":\"EntryPoint\",\"urlTemplate\":\"https:\/\/www.lse.sk\/sk\/?s={search_term_string}\"},\"query-input\":\"required name=search_term_string\"}],\"inLanguage\":\"sk-SK\"}]}<\/script>\n<!-- \/ Yoast SEO plugin. -->","yoast_head_json":{"title":"Foto gal\u00e9ria zo z\u00e1sahov, akci\u00ed, sanitiek - Life Star Emergency, spol. sr.o.","description":"Z\u00e1sahy z prvej pomoci LSE. Sme tam, kde n\u00e1s chor\u00ed, poranen\u00ed a trpiaci potrebuj\u00fa\u2026Gal\u00e1ria fotografi\u00ed zo z\u00e1sahov, akci\u00ed, sanitiek...","robots":{"index":"index","follow":"follow","max-snippet":"max-snippet:-1","max-image-preview":"max-image-preview:large","max-video-preview":"max-video-preview:-1"},"canonical":"https:\/\/www.lse.sk\/sk\/galeria\/","og_locale":"sk_SK","og_type":"article","og_title":"Foto gal\u00e9ria zo z\u00e1sahov, akci\u00ed, sanitiek - Life Star Emergency, spol. sr.o.","og_description":"Z\u00e1sahy z prvej pomoci LSE. Sme tam, kde n\u00e1s chor\u00ed, poranen\u00ed a trpiaci potrebuj\u00fa\u2026Gal\u00e1ria fotografi\u00ed zo z\u00e1sahov, akci\u00ed, sanitiek...","og_url":"https:\/\/www.lse.sk\/sk\/galeria\/","og_site_name":"Life Star Emergency","article_modified_time":"2019-05-27T05:42:42+00:00","twitter_card":"summary_large_image","schema":{"@context":"https:\/\/schema.org","@graph":[{"@type":"WebPage","@id":"https:\/\/www.lse.sk\/sk\/galeria\/","url":"https:\/\/www.lse.sk\/sk\/galeria\/","name":"Foto gal\u00e9ria zo z\u00e1sahov, akci\u00ed, sanitiek - Life Star Emergency, spol. sr.o.","isPartOf":{"@id":"https:\/\/www.lse.sk\/sk\/#website"},"datePublished":"2019-03-07T11:50:04+00:00","dateModified":"2019-05-27T05:42:42+00:00","description":"Z\u00e1sahy z prvej pomoci LSE. Sme tam, kde n\u00e1s chor\u00ed, poranen\u00ed a trpiaci potrebuj\u00fa\u2026Gal\u00e1ria fotografi\u00ed zo z\u00e1sahov, akci\u00ed, sanitiek...","breadcrumb":{"@id":"https:\/\/www.lse.sk\/sk\/galeria\/#breadcrumb"},"inLanguage":"sk-SK","potentialAction":[{"@type":"ReadAction","target":["https:\/\/www.lse.sk\/sk\/galeria\/"]}]},{"@type":"BreadcrumbList","@id":"https:\/\/www.lse.sk\/sk\/galeria\/#breadcrumb","itemListElement":[{"@type":"ListItem","position":1,"name":"Home","item":"https:\/\/www.lse.sk\/sk\/"},{"@type":"ListItem","position":2,"name":"Gal\u00e9ria"}]},{"@type":"WebSite","@id":"https:\/\/www.lse.sk\/sk\/#website","url":"https:\/\/www.lse.sk\/sk\/","name":"Life Star Emergency","description":"Ne\u0161t\u00e1tne zdravotn\u00edcke zariadenie","potentialAction":[{"@type":"SearchAction","target":{"@type":"EntryPoint","urlTemplate":"https:\/\/www.lse.sk\/sk\/?s={search_term_string}"},"query-input":"required name=search_term_string"}],"inLanguage":"sk-SK"}]}},"_links":{"self":[{"href":"https:\/\/www.lse.sk\/sk\/wp-json\/wp\/v2\/pages\/9131"}],"collection":[{"href":"https:\/\/www.lse.sk\/sk\/wp-json\/wp\/v2\/pages"}],"about":[{"href":"https:\/\/www.lse.sk\/sk\/wp-json\/wp\/v2\/types\/page"}],"author":[{"embeddable":true,"href":"https:\/\/www.lse.sk\/sk\/wp-json\/wp\/v2\/users\/2"}],"replies":[{"embeddable":true,"href":"https:\/\/www.lse.sk\/sk\/wp-json\/wp\/v2\/comments?post=9131"}],"version-history":[{"count":16,"href":"https:\/\/www.lse.sk\/sk\/wp-json\/wp\/v2\/pages\/9131\/revisions"}],"predecessor-version":[{"id":9798,"href":"https:\/\/www.lse.sk\/sk\/wp-json\/wp\/v2\/pages\/9131\/revisions\/9798"}],"wp:attachment":[{"href":"https:\/\/www.lse.sk\/sk\/wp-json\/wp\/v2\/media?parent=9131"}],"curies":[{"name":"wp","href":"https:\/\/api.w.org\/{rel}","templated":true}]}}