{"id":9591,"date":"2019-04-24T12:48:36","date_gmt":"2019-04-24T10:48:36","guid":{"rendered":"http:\/\/www.lse.sk\/sk\/?page_id=9591"},"modified":"2019-10-10T15:58:00","modified_gmt":"2019-10-10T13:58:00","slug":"kariera","status":"publish","type":"page","link":"https:\/\/www.lse.sk\/sk\/kariera\/","title":{"rendered":"Kari\u00e9ra"},"content":{"rendered":"<p>[vc_row][vc_column][vc_custom_heading text=&#8220;Vo\u013en\u00e9 pracovn\u00e9 poz\u00edcie&#8220; font_container=&#8220;tag:h4|font_size:24px|text_align:left|color:%2307a7e3|line_height:40px&#8220; use_theme_fonts=&#8220;yes&#8220; css_animation=&#8220;none&#8220; css=&#8220;.vc_custom_1556098673864{margin-top: 36px !important;margin-bottom: 0px !important;padding-top: 0px !important;padding-bottom: 0px !important;}&#8220;][vc_row_inner css=&#8220;.vc_custom_1531739068614{margin-top: 28px !important;margin-bottom: 0px !important;padding-top: 0px !important;padding-right: 0px !important;padding-bottom: 0px !important;padding-left: 0px !important;}&#8220; el_class=&#8220;box-shadow&#8220;][vc_column_inner css=&#8220;.vc_custom_1531738710365{margin-top: 0px !important;margin-bottom: 0px !important;padding-top: 25px !important;padding-right: 25px !important;padding-bottom: 25px !important;padding-left: 25px !important;}&#8220;][vc_custom_heading text=&#8220;Zdravotn\u00edcky z\u00e1chran\u00e1r v ambulanci\u00e1ch RZP\/ RLP&#8220; font_container=&#8220;tag:h4|text_align:left&#8220; use_theme_fonts=&#8220;yes&#8220;][vc_empty_space][vc_column_text]<\/p>\n<h5>V\u00fdkon pr\u00e1ce zdravotn\u00edckeho z\u00e1chran\u00e1ra v\u00a0ambulanci\u00e1ch RZP \/ RLP<\/h5>\n<p>&nbsp;<\/p>\n<p><strong>Minim\u00e1lne po\u017eiadavky:<\/strong><\/p>\n<p>[\/vc_column_text]\r<!-- list -->\r<div class=\"radiantthemes-list rt1400065183 element-one    \" >\n<ul>\n<li>Zdravotn\u00edcky z\u00e1chran\u00e1r<\/li>\n<li>Sestra so \u0161pecializ\u00e1ciou urgentn\u00e1 zdravotn\u00e1 starostlivos\u0165 alebo anest\u00e9ziol\u00f3gia a intenz\u00edvna starostlivos\u0165<\/li>\n<li>Sestra s najmenej trojro\u010dnou praxou<\/li>\n<li>Vek najmenej 21 rokov<\/li>\n<li>Prax vo veden\u00ed vozidla s pr\u00e1vom prednostnej jazdy<\/li>\n<\/ul>\n<\/div>\r<!-- list -->\r[vc_empty_space][vc_column_text]Z\u00e1ujemcovia o\u00a0pracovn\u00fa poz\u00edciu zdravotn\u00edcky z\u00e1chran\u00e1r RZP\/ RLP\u00a0 m\u00f4\u017eu zasiela\u0165 svoje \u017eivotopisy a\u00a0\u017eiadosti o\u00a0prijatie do zamestnania na e-mailovu adresu\u00a0<a href=\"mailto:audit.lse@gmail.com\">audit.lse@gmail.com<\/a>. N\u00e1sledne budeme z\u00e1ujemcov o\u00a0dan\u00fa poz\u00edciu kontaktova\u0165 a\u00a0poskytne z\u00e1ujemcom \u010fal\u0161ie inform\u00e1cie t\u00fdkaj\u00face sa pracovn\u00fdch podmienok.[\/vc_column_text][\/vc_column_inner][\/vc_row_inner][vc_row_inner css=&#8220;.vc_custom_1531739068614{margin-top: 28px !important;margin-bottom: 0px !important;padding-top: 0px !important;padding-right: 0px !important;padding-bottom: 0px !important;padding-left: 0px !important;}&#8220; el_class=&#8220;box-shadow&#8220;][vc_column_inner css=&#8220;.vc_custom_1531738710365{margin-top: 0px !important;margin-bottom: 0px !important;padding-top: 25px !important;padding-right: 25px !important;padding-bottom: 25px !important;padding-left: 25px !important;}&#8220;][vc_custom_heading text=&#8220;Dispe\u010der \u2013 ka dopravnej zdravotnej slu\u017eby&#8220; font_container=&#8220;tag:h4|text_align:left&#8220; use_theme_fonts=&#8220;yes&#8220;][vc_empty_space][vc_column_text]<\/p>\n<h5>V\u00fdkon pr\u00e1ce dispe\u010dera\/ ky dopravnej zdravotnej slu\u017eby pre regi\u00f3n Bratislava<\/h5>\n<p>&nbsp;<\/p>\n<p><strong>Minim\u00e1lne po\u017eiadavky:<\/strong>[\/vc_column_text]\r<!-- list -->\r<div class=\"radiantthemes-list rt814936086 element-one    \" >\n<ul>\n<li>Zdravotn\u00edcke vzdelanie<\/li>\n<li>Schopnos\u0165 koordin\u00e1cie prevozov pacientov<\/li>\n<li>Dobr\u00e9 komunika\u010dn\u00e9 a\u00a0organiza\u010dn\u00e9 schopnosti<\/li>\n<li>Z\u00e1kladn\u00e9 znalosti s\u00a0u\u017e\u00edvan\u00edm PC<\/li>\n<li>Zodpovednos\u0165, samostatnos\u0165, kreativita, kolekt\u00edvny duch<\/li>\n<\/ul>\n<\/div>\r<!-- list -->\r[vc_empty_space][vc_column_text]Z\u00e1ujemcovia o\u00a0pracovn\u00fa poz\u00edciu\u00a0dispe\u010der\/ka dopravnej zdravotnej slu\u017eby\u00a0m\u00f4\u017eu zasiela\u0165 svoje \u017eivotopisy a\u00a0\u017eiadosti o\u00a0prijatie do zamestnania na e-mailovu adresu\u00a0<a href=\"mailto:audit.lse@gmail.com\">audit.lse@gmail.com<\/a>. N\u00e1sledne budeme z\u00e1ujemcov o\u00a0dan\u00fa poz\u00edciu kontaktova\u0165 a\u00a0poskytneme z\u00e1ujemcom \u010fal\u0161ie inform\u00e1cie t\u00fdkaj\u00face sa pracovn\u00fdch podmienok.[\/vc_column_text][\/vc_column_inner][\/vc_row_inner][vc_row_inner css=&#8220;.vc_custom_1531739068614{margin-top: 28px !important;margin-bottom: 0px !important;padding-top: 0px !important;padding-right: 0px !important;padding-bottom: 0px !important;padding-left: 0px !important;}&#8220; el_class=&#8220;box-shadow&#8220;][vc_column_inner css=&#8220;.vc_custom_1531738710365{margin-top: 0px !important;margin-bottom: 0px !important;padding-top: 25px !important;padding-right: 25px !important;padding-bottom: 25px !important;padding-left: 25px !important;}&#8220;][vc_custom_heading text=&#8220;Vodi\u010d dopravnej zdravotnej slu\u017eby&#8220; font_container=&#8220;tag:h4|text_align:left&#8220; use_theme_fonts=&#8220;yes&#8220;][vc_empty_space][vc_column_text]<\/p>\n<h5>V\u00fdkon pr\u00e1ce vodi\u010da dopravnej zdravotnej slu\u017eby pre regi\u00f3ny Bratislava<\/h5>\n<p>&nbsp;<\/p>\n<p><strong>Minim\u00e1lne po\u017eiadavky:<\/strong>[\/vc_column_text]\r<!-- list -->\r<div class=\"radiantthemes-list rt535676143 element-one    \" >\n<ul>\n<li>Vek najmenej 21 rok<\/li>\n<li>Minim\u00e1lne 2 roky praxe ako \u201eprofesion\u00e1lny vodi\u010d\u201c s\u00a0vodi\u010dsk\u00fdm opr\u00e1vnen\u00edm B a\u00a0viac<\/li>\n<li>Nevyhnutn\u00e1 znalos\u0165 regi\u00f3nu, miest, obc\u00ed, ter\u00e9nu, cestnej siete, ul\u00edc a\u00a0d\u00f4le\u017eit\u00fdch bodov v\u00a0regi\u00f3ne<\/li>\n<li>Kurz prvej pomoci<\/li>\n<li>Dobr\u00e1 komunik\u00e1cia s\u00a0\u013eu\u010fmi v\u0161eobecne, hlavne \u201ezdravotn\u00edcko \u2013 hum\u00e1nny\u201c pr\u00edstup<\/li>\n<li>V\u00fdhodou je zdravotn\u00edcke vzdelanie<\/li>\n<\/ul>\n<\/div>\r<!-- list -->\r[vc_empty_space][vc_column_text]Z\u00e1ujemcovia o\u00a0pracovn\u00fa poz\u00edciu\u00a0dopravnej zdravotnej slu\u017eby\u00a0m\u00f4\u017eu zasiela\u0165 svoje \u017eivotopisy a\u00a0\u017eiadosti o\u00a0prijatie do zamestnania na e-mailovu adresu\u00a0<a href=\"mailto:audit.lse@gmail.com\">audit.lse@gmail.com<\/a>. N\u00e1sledne budeme z\u00e1ujemcov o\u00a0dan\u00fa poz\u00edciu kontaktova\u0165 a\u00a0poskytneme z\u00e1ujemcom \u010fal\u0161ie inform\u00e1cie t\u00fdkaj\u00face sa pracovn\u00fdch podmienok.[\/vc_column_text][\/vc_column_inner][\/vc_row_inner][vc_row_inner css=&#8220;.vc_custom_1531739068614{margin-top: 28px !important;margin-bottom: 0px !important;padding-top: 0px !important;padding-right: 0px !important;padding-bottom: 0px !important;padding-left: 0px !important;}&#8220; el_class=&#8220;box-shadow&#8220;][vc_column_inner css=&#8220;.vc_custom_1531738710365{margin-top: 0px !important;margin-bottom: 0px !important;padding-top: 25px !important;padding-right: 25px !important;padding-bottom: 25px !important;padding-left: 25px !important;}&#8220;][vc_custom_heading text=&#8220;Lek\u00e1r r\u00fdchlej lek\u00e1rskej pomoci&#8220; font_container=&#8220;tag:h4|text_align:left&#8220; use_theme_fonts=&#8220;yes&#8220;][vc_empty_space][vc_column_text]<\/p>\n<h5>V\u00fdkon pr\u00e1ce lek\u00e1ra v ambulancii RLP<\/h5>\n<p>&nbsp;<\/p>\n<p><strong>Minim\u00e1lne po\u017eiadavky:<\/strong>[\/vc_column_text]\r<!-- list -->\r<div class=\"radiantthemes-list rt453503064 element-one    \" >\n<ul>\n<li>V\u0160 vzdelanie \u2013 medic\u00edna odbor v\u0161eobecn\u00e9 lak\u00e1rstvo<\/li>\n<li>Atest\u00e1cia zo z\u00e1kladn\u00fdch odborov:<\/li>\n<li>Urgentn\u00e1 medic\u00edna a\u00a0medic\u00edna katastrof<\/li>\n<li>Anest\u00e9ziol\u00f3gia a\u00a0intenz\u00edvna medic\u00edna<\/li>\n<li>Vn\u00fatorn\u00e9 lek\u00e1rstvo<\/li>\n<li>Chirurgia<\/li>\n<li>Traumatol\u00f3gia<\/li>\n<li>Pr\u00edpadne in\u00e9 \u0161pecializ\u00e1cie<\/li>\n<\/ul>\n<\/div>\r<!-- list -->\r[vc_empty_space][vc_column_text]Z\u00e1ujemcovia o\u00a0pracovn\u00fa poz\u00edciu\u00a0dopravnej zdravotnej slu\u017eby\u00a0m\u00f4\u017eu zasiela\u0165 svoje \u017eivotopisy a\u00a0\u017eiadosti o\u00a0prijatie do zamestnania na e-mailovu adresu\u00a0<a href=\"mailto:audit.lse@gmail.com\">audit.lse@gmail.com<\/a>. N\u00e1sledne budeme z\u00e1ujemcov o\u00a0dan\u00fa poz\u00edciu kontaktova\u0165 a\u00a0poskytneme z\u00e1ujemcom \u010fal\u0161ie inform\u00e1cie t\u00fdkaj\u00face sa pracovn\u00fdch podmienok.[\/vc_column_text][\/vc_column_inner][\/vc_row_inner][\/vc_column][\/vc_row]<\/p>\n","protected":false},"excerpt":{"rendered":"<p>[vc_row][vc_column][vc_custom_heading text=&#8220;Vo\u013en\u00e9 pracovn\u00e9 poz\u00edcie&#8220; font_container=&#8220;tag:h4|font_size:24px|text_align:left|color:%2307a7e3|line_height:40px&#8220; use_theme_fonts=&#8220;yes&#8220; css_animation=&#8220;none&#8220; css=&#8220;.vc_custom_1556098673864{margin-top: 36px !important;margin-bottom: 0px !important;padding-top: 0px !important;padding-bottom: 0px !important;}&#8220;][vc_row_inner css=&#8220;.vc_custom_1531739068614{margin-top: 28px !important;margin-bottom: 0px !important;padding-top: 0px !important;padding-right: 0px !important;padding-bottom: 0px !important;padding-left: 0px !important;}&#8220; el_class=&#8220;box-shadow&#8220;][vc_column_inner css=&#8220;.vc_custom_1531738710365{margin-top: 0px !important;margin-bottom: 0px !important;padding-top: 25px !important;padding-right: 25px !important;padding-bottom: 25px !important;padding-left: 25px !important;}&#8220;][vc_custom_heading text=&#8220;Zdravotn\u00edcky z\u00e1chran\u00e1r v ambulanci\u00e1ch RZP\/ RLP&#8220; font_container=&#8220;tag:h4|text_align:left&#8220; use_theme_fonts=&#8220;yes&#8220;][vc_empty_space][vc_column_text] V\u00fdkon pr\u00e1ce zdravotn\u00edckeho z\u00e1chran\u00e1ra [&hellip;]<\/p>\n","protected":false},"author":2,"featured_media":0,"parent":0,"menu_order":0,"comment_status":"closed","ping_status":"closed","template":"","meta":[],"yoast_head":"<!-- This site is optimized with the Yoast SEO plugin v20.10 - https:\/\/yoast.com\/wordpress\/plugins\/seo\/ -->\n<title>Kari\u00e9ra - Life Star Emergency - Vo\u013en\u00e9 pracovn\u00e9 poz\u00edcie<\/title>\n<meta name=\"description\" content=\"Vo\u013en\u00e9 pracovn\u00e9 poz\u00edcie LSE: Zdravotn\u00edcky z\u00e1chran\u00e1r v ambulanci\u00e1ch RZP\/ RLP, Dispe\u010der \u2013 ka dopravnej zdravotnej slu\u017eby, Vodi\u010d dopravnej zdravotnej slu\u017eby, Lek\u00e1r r\u00fdchlej lek\u00e1rskej pomoci\" \/>\n<meta name=\"robots\" content=\"index, follow, max-snippet:-1, max-image-preview:large, max-video-preview:-1\" \/>\n<link rel=\"canonical\" href=\"https:\/\/www.lse.sk\/sk\/kariera\/\" \/>\n<meta property=\"og:locale\" content=\"sk_SK\" \/>\n<meta property=\"og:type\" content=\"article\" \/>\n<meta property=\"og:title\" content=\"Kari\u00e9ra - Life Star Emergency - Vo\u013en\u00e9 pracovn\u00e9 poz\u00edcie\" \/>\n<meta property=\"og:description\" content=\"Vo\u013en\u00e9 pracovn\u00e9 poz\u00edcie LSE: Zdravotn\u00edcky z\u00e1chran\u00e1r v ambulanci\u00e1ch RZP\/ RLP, Dispe\u010der \u2013 ka dopravnej zdravotnej slu\u017eby, Vodi\u010d dopravnej zdravotnej slu\u017eby, Lek\u00e1r r\u00fdchlej lek\u00e1rskej pomoci\" \/>\n<meta property=\"og:url\" content=\"https:\/\/www.lse.sk\/sk\/kariera\/\" \/>\n<meta property=\"og:site_name\" content=\"Life Star Emergency\" \/>\n<meta property=\"article:modified_time\" content=\"2019-10-10T13:58:00+00:00\" \/>\n<meta name=\"twitter:card\" content=\"summary_large_image\" \/>\n<meta name=\"twitter:label1\" content=\"Predpokladan\u00fd \u010das \u010d\u00edtania\" \/>\n\t<meta name=\"twitter:data1\" content=\"5 min\u00fat\" \/>\n<script type=\"application\/ld+json\" class=\"yoast-schema-graph\">{\"@context\":\"https:\/\/schema.org\",\"@graph\":[{\"@type\":\"WebPage\",\"@id\":\"https:\/\/www.lse.sk\/sk\/kariera\/\",\"url\":\"https:\/\/www.lse.sk\/sk\/kariera\/\",\"name\":\"Kari\u00e9ra - Life Star Emergency - Vo\u013en\u00e9 pracovn\u00e9 poz\u00edcie\",\"isPartOf\":{\"@id\":\"https:\/\/www.lse.sk\/sk\/#website\"},\"datePublished\":\"2019-04-24T10:48:36+00:00\",\"dateModified\":\"2019-10-10T13:58:00+00:00\",\"description\":\"Vo\u013en\u00e9 pracovn\u00e9 poz\u00edcie LSE: Zdravotn\u00edcky z\u00e1chran\u00e1r v ambulanci\u00e1ch RZP\/ RLP, Dispe\u010der \u2013 ka dopravnej zdravotnej slu\u017eby, Vodi\u010d dopravnej zdravotnej slu\u017eby, Lek\u00e1r r\u00fdchlej lek\u00e1rskej pomoci\",\"breadcrumb\":{\"@id\":\"https:\/\/www.lse.sk\/sk\/kariera\/#breadcrumb\"},\"inLanguage\":\"sk-SK\",\"potentialAction\":[{\"@type\":\"ReadAction\",\"target\":[\"https:\/\/www.lse.sk\/sk\/kariera\/\"]}]},{\"@type\":\"BreadcrumbList\",\"@id\":\"https:\/\/www.lse.sk\/sk\/kariera\/#breadcrumb\",\"itemListElement\":[{\"@type\":\"ListItem\",\"position\":1,\"name\":\"Home\",\"item\":\"https:\/\/www.lse.sk\/sk\/\"},{\"@type\":\"ListItem\",\"position\":2,\"name\":\"Kari\u00e9ra\"}]},{\"@type\":\"WebSite\",\"@id\":\"https:\/\/www.lse.sk\/sk\/#website\",\"url\":\"https:\/\/www.lse.sk\/sk\/\",\"name\":\"Life Star Emergency\",\"description\":\"Ne\u0161t\u00e1tne zdravotn\u00edcke zariadenie\",\"potentialAction\":[{\"@type\":\"SearchAction\",\"target\":{\"@type\":\"EntryPoint\",\"urlTemplate\":\"https:\/\/www.lse.sk\/sk\/?s={search_term_string}\"},\"query-input\":\"required name=search_term_string\"}],\"inLanguage\":\"sk-SK\"}]}<\/script>\n<!-- \/ Yoast SEO plugin. -->","yoast_head_json":{"title":"Kari\u00e9ra - Life Star Emergency - Vo\u013en\u00e9 pracovn\u00e9 poz\u00edcie","description":"Vo\u013en\u00e9 pracovn\u00e9 poz\u00edcie LSE: Zdravotn\u00edcky z\u00e1chran\u00e1r v ambulanci\u00e1ch RZP\/ RLP, Dispe\u010der \u2013 ka dopravnej zdravotnej slu\u017eby, Vodi\u010d dopravnej zdravotnej slu\u017eby, Lek\u00e1r r\u00fdchlej lek\u00e1rskej pomoci","robots":{"index":"index","follow":"follow","max-snippet":"max-snippet:-1","max-image-preview":"max-image-preview:large","max-video-preview":"max-video-preview:-1"},"canonical":"https:\/\/www.lse.sk\/sk\/kariera\/","og_locale":"sk_SK","og_type":"article","og_title":"Kari\u00e9ra - Life Star Emergency - Vo\u013en\u00e9 pracovn\u00e9 poz\u00edcie","og_description":"Vo\u013en\u00e9 pracovn\u00e9 poz\u00edcie LSE: Zdravotn\u00edcky z\u00e1chran\u00e1r v ambulanci\u00e1ch RZP\/ RLP, Dispe\u010der \u2013 ka dopravnej zdravotnej slu\u017eby, Vodi\u010d dopravnej zdravotnej slu\u017eby, Lek\u00e1r r\u00fdchlej lek\u00e1rskej pomoci","og_url":"https:\/\/www.lse.sk\/sk\/kariera\/","og_site_name":"Life Star Emergency","article_modified_time":"2019-10-10T13:58:00+00:00","twitter_card":"summary_large_image","twitter_misc":{"Predpokladan\u00fd \u010das \u010d\u00edtania":"5 min\u00fat"},"schema":{"@context":"https:\/\/schema.org","@graph":[{"@type":"WebPage","@id":"https:\/\/www.lse.sk\/sk\/kariera\/","url":"https:\/\/www.lse.sk\/sk\/kariera\/","name":"Kari\u00e9ra - Life Star Emergency - Vo\u013en\u00e9 pracovn\u00e9 poz\u00edcie","isPartOf":{"@id":"https:\/\/www.lse.sk\/sk\/#website"},"datePublished":"2019-04-24T10:48:36+00:00","dateModified":"2019-10-10T13:58:00+00:00","description":"Vo\u013en\u00e9 pracovn\u00e9 poz\u00edcie LSE: Zdravotn\u00edcky z\u00e1chran\u00e1r v ambulanci\u00e1ch RZP\/ RLP, Dispe\u010der \u2013 ka dopravnej zdravotnej slu\u017eby, Vodi\u010d dopravnej zdravotnej slu\u017eby, Lek\u00e1r r\u00fdchlej lek\u00e1rskej pomoci","breadcrumb":{"@id":"https:\/\/www.lse.sk\/sk\/kariera\/#breadcrumb"},"inLanguage":"sk-SK","potentialAction":[{"@type":"ReadAction","target":["https:\/\/www.lse.sk\/sk\/kariera\/"]}]},{"@type":"BreadcrumbList","@id":"https:\/\/www.lse.sk\/sk\/kariera\/#breadcrumb","itemListElement":[{"@type":"ListItem","position":1,"name":"Home","item":"https:\/\/www.lse.sk\/sk\/"},{"@type":"ListItem","position":2,"name":"Kari\u00e9ra"}]},{"@type":"WebSite","@id":"https:\/\/www.lse.sk\/sk\/#website","url":"https:\/\/www.lse.sk\/sk\/","name":"Life Star Emergency","description":"Ne\u0161t\u00e1tne zdravotn\u00edcke zariadenie","potentialAction":[{"@type":"SearchAction","target":{"@type":"EntryPoint","urlTemplate":"https:\/\/www.lse.sk\/sk\/?s={search_term_string}"},"query-input":"required name=search_term_string"}],"inLanguage":"sk-SK"}]}},"_links":{"self":[{"href":"https:\/\/www.lse.sk\/sk\/wp-json\/wp\/v2\/pages\/9591"}],"collection":[{"href":"https:\/\/www.lse.sk\/sk\/wp-json\/wp\/v2\/pages"}],"about":[{"href":"https:\/\/www.lse.sk\/sk\/wp-json\/wp\/v2\/types\/page"}],"author":[{"embeddable":true,"href":"https:\/\/www.lse.sk\/sk\/wp-json\/wp\/v2\/users\/2"}],"replies":[{"embeddable":true,"href":"https:\/\/www.lse.sk\/sk\/wp-json\/wp\/v2\/comments?post=9591"}],"version-history":[{"count":26,"href":"https:\/\/www.lse.sk\/sk\/wp-json\/wp\/v2\/pages\/9591\/revisions"}],"predecessor-version":[{"id":9849,"href":"https:\/\/www.lse.sk\/sk\/wp-json\/wp\/v2\/pages\/9591\/revisions\/9849"}],"wp:attachment":[{"href":"https:\/\/www.lse.sk\/sk\/wp-json\/wp\/v2\/media?parent=9591"}],"curies":[{"name":"wp","href":"https:\/\/api.w.org\/{rel}","templated":true}]}}